{"id":30,"date":"2026-01-04T21:47:59","date_gmt":"2026-01-04T21:47:59","guid":{"rendered":"https:\/\/northernkarma.se\/om\/"},"modified":"2026-01-10T01:15:53","modified_gmt":"2026-01-10T00:15:53","slug":"om","status":"publish","type":"page","link":"https:\/\/northernkarma.se\/en\/","title":{"rendered":"Om oss"},"content":{"rendered":"<div class=\"wp-block-group alignfull is-style-ext-preset--group--natural-1--section has-background-background-color has-background has-global-padding is-layout-constrained wp-block-group-is-layout-constrained\" id=\"om\" style=\"margin-top:0;margin-bottom:0;padding-top:var(--wp--preset--spacing--70);padding-bottom:var(--wp--preset--spacing--70)\">\n<div class=\"wp-block-group alignwide is-vertical is-content-justification-center is-layout-flex wp-container-core-group-is-layout-c9ee0c5a wp-block-group-is-layout-flex\">\n<div class=\"wp-block-group has-global-padding is-layout-constrained wp-container-core-group-is-layout-2287c683 wp-block-group-is-layout-constrained\">\n<h2 class=\"wp-block-heading has-text-align-center\">Welcome<\/h2>\n<\/div>\n<\/div>\n\n\n\n<div class=\"wp-block-media-text is-stacked-on-mobile is-vertically-aligned-top\"><figure class=\"wp-block-media-text__media\"><img loading=\"lazy\" decoding=\"async\" width=\"683\" height=\"1024\" src=\"https:\/\/northernkarma.se\/wp-content\/uploads\/2026\/01\/Karma-Jag-2018-683x1024.jpg\" alt=\"\" class=\"wp-image-245 size-full\" srcset=\"https:\/\/northernkarma.se\/wp-content\/uploads\/2026\/01\/Karma-Jag-2018-683x1024.jpg 683w, https:\/\/northernkarma.se\/wp-content\/uploads\/2026\/01\/Karma-Jag-2018-200x300.jpg 200w, https:\/\/northernkarma.se\/wp-content\/uploads\/2026\/01\/Karma-Jag-2018-768x1152.jpg 768w, https:\/\/northernkarma.se\/wp-content\/uploads\/2026\/01\/Karma-Jag-2018-8x12.jpg 8w, https:\/\/northernkarma.se\/wp-content\/uploads\/2026\/01\/Karma-Jag-2018.jpg 1000w\" sizes=\"auto, (max-width: 683px) 100vw, 683px\" \/><\/figure><div class=\"wp-block-media-text__content\">\n<p>My name is Caroline Norberg and i live in V\u00e4sternorrlands l\u00e4n, Sweden, with my dogs.<\/p>\n\n\n\n<p>I got my first belgian 2009, a tervueren named B\u00e4stdals Livor. He was the dog who made med love the breed. 2017 the next belgian came in to my life, a groenendael named Traxa's Jessie J.<\/p>\n\n\n\n<p>My dogs live as family members and the puppies are born and raised in the heart of the home.<\/p>\n<\/div><\/div>\n\n\n\n<div class=\"wp-block-columns is-layout-flex wp-container-core-columns-is-layout-28f84493 wp-block-columns-is-layout-flex\">\n<div class=\"wp-block-column is-layout-flow wp-block-column-is-layout-flow\">\n<p>My breeding goals are to breed breedtypical, healthy dogs with good mentality who is suitable for work and active homes. I breed on a small scale which means I don't have litters every year. <br><br>If interested feel free to contact me for more information and waiting list.<br><br><br><\/p>\n<\/div>\n\n\n\n<div class=\"wp-block-column is-layout-flow wp-block-column-is-layout-flow\">\n<figure class=\"wp-block-image aligncenter size-large\"><img loading=\"lazy\" decoding=\"async\" width=\"683\" height=\"1024\" src=\"https:\/\/northernkarma.se\/wp-content\/uploads\/2026\/01\/Livor-och-Jag-683x1024.jpg\" alt=\"\" class=\"wp-image-248\" style=\"aspect-ratio:0.6669909040102681\" srcset=\"https:\/\/northernkarma.se\/wp-content\/uploads\/2026\/01\/Livor-och-Jag-683x1024.jpg 683w, https:\/\/northernkarma.se\/wp-content\/uploads\/2026\/01\/Livor-och-Jag-200x300.jpg 200w, https:\/\/northernkarma.se\/wp-content\/uploads\/2026\/01\/Livor-och-Jag-768x1151.jpg 768w, https:\/\/northernkarma.se\/wp-content\/uploads\/2026\/01\/Livor-och-Jag-1025x1536.jpg 1025w, https:\/\/northernkarma.se\/wp-content\/uploads\/2026\/01\/Livor-och-Jag-8x12.jpg 8w, https:\/\/northernkarma.se\/wp-content\/uploads\/2026\/01\/Livor-och-Jag.jpg 1366w\" sizes=\"auto, (max-width: 683px) 100vw, 683px\" \/><\/figure>\n<\/div>\n<\/div>\n<\/div>\n\n\n\n<div class=\"wp-block-columns is-layout-flex wp-container-core-columns-is-layout-28f84493 wp-block-columns-is-layout-flex\">\n<div class=\"wp-block-column is-layout-flow wp-block-column-is-layout-flow\" style=\"flex-basis:100%\"><\/div>\n<\/div>","protected":false},"excerpt":{"rendered":"<p>V\u00e4lkommen Caroline Norberg \u00e4r mitt namn och jag bor i V\u00e4sternorrlands l\u00e4n tillsammans med mina hundar. Jag skaffade min f\u00f6rsta belgare 2009, en tervueren vid namn B\u00e4stdals Livor. Tillsammans gick vi p\u00e5 hundinriktat gymnasium och det var Livor som fick mig att bli f\u00f6r\u00e4lskad i rasen. 2017 kom n\u00e4sta belgare in i mitt liv, en [&hellip;]<\/p>","protected":false},"author":1,"featured_media":0,"parent":0,"menu_order":0,"comment_status":"closed","ping_status":"closed","template":"page-with-title","meta":{"om_disable_all_campaigns":false,"_monsterinsights_skip_tracking":false,"_monsterinsights_sitenote_active":false,"_monsterinsights_sitenote_note":"","_monsterinsights_sitenote_category":0,"footnotes":""},"class_list":["post-30","page","type-page","status-publish","hentry"],"aioseo_notices":[],"_links":{"self":[{"href":"https:\/\/northernkarma.se\/en\/wp-json\/wp\/v2\/pages\/30","targetHints":{"allow":["GET"]}}],"collection":[{"href":"https:\/\/northernkarma.se\/en\/wp-json\/wp\/v2\/pages"}],"about":[{"href":"https:\/\/northernkarma.se\/en\/wp-json\/wp\/v2\/types\/page"}],"author":[{"embeddable":true,"href":"https:\/\/northernkarma.se\/en\/wp-json\/wp\/v2\/users\/1"}],"replies":[{"embeddable":true,"href":"https:\/\/northernkarma.se\/en\/wp-json\/wp\/v2\/comments?post=30"}],"version-history":[{"count":7,"href":"https:\/\/northernkarma.se\/en\/wp-json\/wp\/v2\/pages\/30\/revisions"}],"predecessor-version":[{"id":298,"href":"https:\/\/northernkarma.se\/en\/wp-json\/wp\/v2\/pages\/30\/revisions\/298"}],"wp:attachment":[{"href":"https:\/\/northernkarma.se\/en\/wp-json\/wp\/v2\/media?parent=30"}],"curies":[{"name":"wp","href":"https:\/\/api.w.org\/{rel}","templated":true}]}}