{"id":310,"date":"2026-01-10T16:36:15","date_gmt":"2026-01-10T15:36:15","guid":{"rendered":"https:\/\/northernkarma.se\/?page_id=310"},"modified":"2026-01-10T16:45:14","modified_gmt":"2026-01-10T15:45:14","slug":"hundar-vi-minns","status":"publish","type":"page","link":"https:\/\/northernkarma.se\/en\/hundar-vi-minns\/","title":{"rendered":"Hundar vi minns"},"content":{"rendered":"<div class=\"wp-block-media-text is-stacked-on-mobile\"><figure class=\"wp-block-media-text__media\"><img loading=\"lazy\" decoding=\"async\" width=\"683\" height=\"1024\" src=\"https:\/\/northernkarma.se\/wp-content\/uploads\/2026\/01\/IMG_2388-683x1024.jpg\" alt=\"\" class=\"wp-image-316 size-full\" srcset=\"https:\/\/northernkarma.se\/wp-content\/uploads\/2026\/01\/IMG_2388-683x1024.jpg 683w, https:\/\/northernkarma.se\/wp-content\/uploads\/2026\/01\/IMG_2388-200x300.jpg 200w, https:\/\/northernkarma.se\/wp-content\/uploads\/2026\/01\/IMG_2388-768x1152.jpg 768w, https:\/\/northernkarma.se\/wp-content\/uploads\/2026\/01\/IMG_2388-1024x1536.jpg 1024w, https:\/\/northernkarma.se\/wp-content\/uploads\/2026\/01\/IMG_2388-1365x2048.jpg 1365w, https:\/\/northernkarma.se\/wp-content\/uploads\/2026\/01\/IMG_2388-8x12.jpg 8w, https:\/\/northernkarma.se\/wp-content\/uploads\/2026\/01\/IMG_2388-scaled.jpg 1707w\" sizes=\"auto, (max-width: 683px) 100vw, 683px\" \/><\/figure><div class=\"wp-block-media-text__content\">\n<p><strong>Traxa&#8217;s Jessie J<\/strong><br><em>2017.03.20 &#8211; 2023.12.22<\/em><br><br>HD: A\/A<br>ED: UA (0\/0)<br>Eyes: OK -20<br>Other: Pannus. Mentaldescription done. Shows: Excellent, CQ, BIS-junior, CAC in Norway, CACIB.<br><\/p>\n<\/div><\/div>\n\n\n\n<h5 class=\"wp-block-heading has-text-align-center\">PEDIGREE<\/h5>\n\n\n\n<figure class=\"wp-block-image aligncenter size-full\"><img loading=\"lazy\" decoding=\"async\" width=\"945\" height=\"415\" src=\"https:\/\/northernkarma.se\/wp-content\/uploads\/2026\/01\/Screenshot-2026-01-10-at-16-27-09-SKK-HUNDDATA.png\" alt=\"\" class=\"wp-image-317\" srcset=\"https:\/\/northernkarma.se\/wp-content\/uploads\/2026\/01\/Screenshot-2026-01-10-at-16-27-09-SKK-HUNDDATA.png 945w, https:\/\/northernkarma.se\/wp-content\/uploads\/2026\/01\/Screenshot-2026-01-10-at-16-27-09-SKK-HUNDDATA-300x132.png 300w, https:\/\/northernkarma.se\/wp-content\/uploads\/2026\/01\/Screenshot-2026-01-10-at-16-27-09-SKK-HUNDDATA-768x337.png 768w, https:\/\/northernkarma.se\/wp-content\/uploads\/2026\/01\/Screenshot-2026-01-10-at-16-27-09-SKK-HUNDDATA-18x8.png 18w\" sizes=\"auto, (max-width: 945px) 100vw, 945px\" \/><\/figure>\n\n\n\n<figure class=\"wp-block-gallery has-nested-images columns-default is-cropped wp-block-gallery-1 is-layout-flex wp-block-gallery-is-layout-flex\">\n<figure class=\"wp-block-image size-large\"><img loading=\"lazy\" decoding=\"async\" width=\"683\" height=\"1024\" data-id=\"318\" src=\"https:\/\/northernkarma.se\/wp-content\/uploads\/2026\/01\/IMG_1824-1-683x1024.jpg\" alt=\"\" class=\"wp-image-318\" srcset=\"https:\/\/northernkarma.se\/wp-content\/uploads\/2026\/01\/IMG_1824-1-683x1024.jpg 683w, https:\/\/northernkarma.se\/wp-content\/uploads\/2026\/01\/IMG_1824-1-200x300.jpg 200w, https:\/\/northernkarma.se\/wp-content\/uploads\/2026\/01\/IMG_1824-1-768x1152.jpg 768w, https:\/\/northernkarma.se\/wp-content\/uploads\/2026\/01\/IMG_1824-1-1024x1536.jpg 1024w, https:\/\/northernkarma.se\/wp-content\/uploads\/2026\/01\/IMG_1824-1-1365x2048.jpg 1365w, https:\/\/northernkarma.se\/wp-content\/uploads\/2026\/01\/IMG_1824-1-8x12.jpg 8w, https:\/\/northernkarma.se\/wp-content\/uploads\/2026\/01\/IMG_1824-1-scaled.jpg 1707w\" sizes=\"auto, (max-width: 683px) 100vw, 683px\" \/><\/figure>\n\n\n\n<figure class=\"wp-block-image size-large\"><img loading=\"lazy\" decoding=\"async\" width=\"683\" height=\"1024\" data-id=\"319\" src=\"https:\/\/northernkarma.se\/wp-content\/uploads\/2026\/01\/IMG_0140-683x1024.jpg\" alt=\"\" class=\"wp-image-319\" srcset=\"https:\/\/northernkarma.se\/wp-content\/uploads\/2026\/01\/IMG_0140-683x1024.jpg 683w, https:\/\/northernkarma.se\/wp-content\/uploads\/2026\/01\/IMG_0140-200x300.jpg 200w, https:\/\/northernkarma.se\/wp-content\/uploads\/2026\/01\/IMG_0140-768x1152.jpg 768w, https:\/\/northernkarma.se\/wp-content\/uploads\/2026\/01\/IMG_0140-1024x1536.jpg 1024w, https:\/\/northernkarma.se\/wp-content\/uploads\/2026\/01\/IMG_0140-1365x2048.jpg 1365w, https:\/\/northernkarma.se\/wp-content\/uploads\/2026\/01\/IMG_0140-8x12.jpg 8w, https:\/\/northernkarma.se\/wp-content\/uploads\/2026\/01\/IMG_0140-scaled.jpg 1707w\" sizes=\"auto, (max-width: 683px) 100vw, 683px\" \/><\/figure>\n\n\n\n<figure class=\"wp-block-image size-large\"><img loading=\"lazy\" decoding=\"async\" width=\"683\" height=\"1024\" data-id=\"320\" src=\"https:\/\/northernkarma.se\/wp-content\/uploads\/2026\/01\/IMG_0141-683x1024.jpg\" alt=\"\" class=\"wp-image-320\" srcset=\"https:\/\/northernkarma.se\/wp-content\/uploads\/2026\/01\/IMG_0141-683x1024.jpg 683w, https:\/\/northernkarma.se\/wp-content\/uploads\/2026\/01\/IMG_0141-200x300.jpg 200w, https:\/\/northernkarma.se\/wp-content\/uploads\/2026\/01\/IMG_0141-768x1152.jpg 768w, https:\/\/northernkarma.se\/wp-content\/uploads\/2026\/01\/IMG_0141-1024x1536.jpg 1024w, https:\/\/northernkarma.se\/wp-content\/uploads\/2026\/01\/IMG_0141-1365x2048.jpg 1365w, https:\/\/northernkarma.se\/wp-content\/uploads\/2026\/01\/IMG_0141-8x12.jpg 8w, https:\/\/northernkarma.se\/wp-content\/uploads\/2026\/01\/IMG_0141-scaled.jpg 1707w\" sizes=\"auto, (max-width: 683px) 100vw, 683px\" \/><\/figure>\n<\/figure>\n\n\n\n<hr class=\"wp-block-separator has-alpha-channel-opacity is-style-wide\" style=\"margin-top:var(--wp--preset--spacing--40);margin-bottom:var(--wp--preset--spacing--40)\"\/>\n\n\n\n<div class=\"wp-block-media-text is-stacked-on-mobile\"><figure class=\"wp-block-media-text__media\"><img loading=\"lazy\" decoding=\"async\" width=\"1024\" height=\"683\" src=\"https:\/\/northernkarma.se\/wp-content\/uploads\/2026\/01\/Livor2-1024x683.jpg\" alt=\"\" class=\"wp-image-311 size-full\" srcset=\"https:\/\/northernkarma.se\/wp-content\/uploads\/2026\/01\/Livor2-1024x683.jpg 1024w, https:\/\/northernkarma.se\/wp-content\/uploads\/2026\/01\/Livor2-300x200.jpg 300w, https:\/\/northernkarma.se\/wp-content\/uploads\/2026\/01\/Livor2-768x512.jpg 768w, https:\/\/northernkarma.se\/wp-content\/uploads\/2026\/01\/Livor2-1536x1024.jpg 1536w, https:\/\/northernkarma.se\/wp-content\/uploads\/2026\/01\/Livor2-18x12.jpg 18w, https:\/\/northernkarma.se\/wp-content\/uploads\/2026\/01\/Livor2.jpg 2048w\" sizes=\"auto, (max-width: 1024px) 100vw, 1024px\" \/><\/figure><div class=\"wp-block-media-text__content\">\n<p><strong>B\u00e4stdals Livor<\/strong><br><em>2009.08.31 &#8211; 2017.02.10<\/em><br><br>HD: A\/A<br>ED: UA (0\/0)<br>Other: Underbite. <\/p>\n<\/div><\/div>\n\n\n\n<h5 class=\"wp-block-heading has-text-align-center\">PEDIGREE<\/h5>\n\n\n\n<figure class=\"wp-block-image size-full\"><img loading=\"lazy\" decoding=\"async\" width=\"985\" height=\"377\" src=\"https:\/\/northernkarma.se\/wp-content\/uploads\/2026\/01\/Screenshot-2026-01-10-at-16-16-26-SKK-HUNDDATA.png\" alt=\"\" class=\"wp-image-315\" srcset=\"https:\/\/northernkarma.se\/wp-content\/uploads\/2026\/01\/Screenshot-2026-01-10-at-16-16-26-SKK-HUNDDATA.png 985w, https:\/\/northernkarma.se\/wp-content\/uploads\/2026\/01\/Screenshot-2026-01-10-at-16-16-26-SKK-HUNDDATA-300x115.png 300w, https:\/\/northernkarma.se\/wp-content\/uploads\/2026\/01\/Screenshot-2026-01-10-at-16-16-26-SKK-HUNDDATA-768x294.png 768w, https:\/\/northernkarma.se\/wp-content\/uploads\/2026\/01\/Screenshot-2026-01-10-at-16-16-26-SKK-HUNDDATA-18x7.png 18w\" sizes=\"auto, (max-width: 985px) 100vw, 985px\" \/><\/figure>\n\n\n\n<figure class=\"wp-block-gallery has-nested-images columns-default is-cropped wp-block-gallery-2 is-layout-flex wp-block-gallery-is-layout-flex\">\n<figure class=\"wp-block-image size-large\"><a href=\"https:\/\/northernkarma.se\/en\/?attachment_id=312\"><img loading=\"lazy\" decoding=\"async\" width=\"1024\" height=\"683\" data-id=\"312\" src=\"https:\/\/northernkarma.se\/wp-content\/uploads\/2026\/01\/Livor-1024x683.jpg\" alt=\"\" class=\"wp-image-312\" srcset=\"https:\/\/northernkarma.se\/wp-content\/uploads\/2026\/01\/Livor-1024x683.jpg 1024w, https:\/\/northernkarma.se\/wp-content\/uploads\/2026\/01\/Livor-300x200.jpg 300w, https:\/\/northernkarma.se\/wp-content\/uploads\/2026\/01\/Livor-768x512.jpg 768w, https:\/\/northernkarma.se\/wp-content\/uploads\/2026\/01\/Livor-1536x1024.jpg 1536w, https:\/\/northernkarma.se\/wp-content\/uploads\/2026\/01\/Livor-18x12.jpg 18w, https:\/\/northernkarma.se\/wp-content\/uploads\/2026\/01\/Livor.jpg 2048w\" sizes=\"auto, (max-width: 1024px) 100vw, 1024px\" \/><\/a><\/figure>\n\n\n\n<figure class=\"wp-block-image size-large\"><a href=\"https:\/\/northernkarma.se\/en\/?attachment_id=314\"><img loading=\"lazy\" decoding=\"async\" width=\"667\" height=\"1024\" data-id=\"314\" src=\"https:\/\/northernkarma.se\/wp-content\/uploads\/2026\/01\/Livor3-667x1024.jpg\" alt=\"\" class=\"wp-image-314\" srcset=\"https:\/\/northernkarma.se\/wp-content\/uploads\/2026\/01\/Livor3-667x1024.jpg 667w, https:\/\/northernkarma.se\/wp-content\/uploads\/2026\/01\/Livor3-195x300.jpg 195w, https:\/\/northernkarma.se\/wp-content\/uploads\/2026\/01\/Livor3-768x1180.jpg 768w, https:\/\/northernkarma.se\/wp-content\/uploads\/2026\/01\/Livor3-1000x1536.jpg 1000w, https:\/\/northernkarma.se\/wp-content\/uploads\/2026\/01\/Livor3-8x12.jpg 8w, https:\/\/northernkarma.se\/wp-content\/uploads\/2026\/01\/Livor3.jpg 1333w\" sizes=\"auto, (max-width: 667px) 100vw, 667px\" \/><\/a><\/figure>\n\n\n\n<figure class=\"wp-block-image size-large\"><a href=\"https:\/\/northernkarma.se\/en\/?attachment_id=313\"><img loading=\"lazy\" decoding=\"async\" width=\"683\" height=\"1024\" data-id=\"313\" src=\"https:\/\/northernkarma.se\/wp-content\/uploads\/2026\/01\/Livor4-683x1024.jpg\" alt=\"\" class=\"wp-image-313\" srcset=\"https:\/\/northernkarma.se\/wp-content\/uploads\/2026\/01\/Livor4-683x1024.jpg 683w, https:\/\/northernkarma.se\/wp-content\/uploads\/2026\/01\/Livor4-200x300.jpg 200w, https:\/\/northernkarma.se\/wp-content\/uploads\/2026\/01\/Livor4-768x1151.jpg 768w, https:\/\/northernkarma.se\/wp-content\/uploads\/2026\/01\/Livor4-1025x1536.jpg 1025w, https:\/\/northernkarma.se\/wp-content\/uploads\/2026\/01\/Livor4-8x12.jpg 8w, https:\/\/northernkarma.se\/wp-content\/uploads\/2026\/01\/Livor4.jpg 1366w\" sizes=\"auto, (max-width: 683px) 100vw, 683px\" \/><\/a><\/figure>\n<\/figure>\n\n\n\n<hr class=\"wp-block-separator has-alpha-channel-opacity is-style-wide\" style=\"margin-top:var(--wp--preset--spacing--40);margin-bottom:var(--wp--preset--spacing--40)\"\/>","protected":false},"excerpt":{"rendered":"<p>Traxa&#8217;s Jessie J2017.03.20 &#8211; 2023.12.22 HD: A\/AED: UA (0\/0)\u00d6gon: UA -20\u00d6vrigt: Pannus. MH. Utst. excellent, CK, BIS-junior, CERT i norge, CACIB. STAMTAVLA B\u00e4stdals Livor2009.08.31 &#8211; 2017.02.10 HD: A\/AED: UA (0\/0)\u00d6vrigt: Underbett. STAMTAVLA<\/p>","protected":false},"author":1,"featured_media":0,"parent":0,"menu_order":0,"comment_status":"closed","ping_status":"closed","template":"page-with-title","meta":{"om_disable_all_campaigns":false,"_monsterinsights_skip_tracking":false,"_monsterinsights_sitenote_active":false,"_monsterinsights_sitenote_note":"","_monsterinsights_sitenote_category":0,"footnotes":""},"class_list":["post-310","page","type-page","status-publish","hentry"],"aioseo_notices":[],"_links":{"self":[{"href":"https:\/\/northernkarma.se\/en\/wp-json\/wp\/v2\/pages\/310","targetHints":{"allow":["GET"]}}],"collection":[{"href":"https:\/\/northernkarma.se\/en\/wp-json\/wp\/v2\/pages"}],"about":[{"href":"https:\/\/northernkarma.se\/en\/wp-json\/wp\/v2\/types\/page"}],"author":[{"embeddable":true,"href":"https:\/\/northernkarma.se\/en\/wp-json\/wp\/v2\/users\/1"}],"replies":[{"embeddable":true,"href":"https:\/\/northernkarma.se\/en\/wp-json\/wp\/v2\/comments?post=310"}],"version-history":[{"count":2,"href":"https:\/\/northernkarma.se\/en\/wp-json\/wp\/v2\/pages\/310\/revisions"}],"predecessor-version":[{"id":323,"href":"https:\/\/northernkarma.se\/en\/wp-json\/wp\/v2\/pages\/310\/revisions\/323"}],"wp:attachment":[{"href":"https:\/\/northernkarma.se\/en\/wp-json\/wp\/v2\/media?parent=310"}],"curies":[{"name":"wp","href":"https:\/\/api.w.org\/{rel}","templated":true}]}}